{"id":203,"date":"2024-01-25T16:40:11","date_gmt":"2024-01-25T15:40:11","guid":{"rendered":"https:\/\/bestenergymo.com\/?post_type=product&#038;p=203"},"modified":"2025-12-30T15:14:09","modified_gmt":"2025-12-30T14:14:09","slug":"fronius-smart-meter","status":"publish","type":"product","link":"https:\/\/bestenergymo.com\/en\/product\/fronius-smart-meter\/","title":{"rendered":"Fronius Smart Meter"},"content":{"rendered":"<p>Two-way meter for recording energy consumption. Together with Fronius Solar.web presents a clear overview of energy consumption.<\/p>\n<p>Ideally used with Fronius GEN24 Plus, it can also be used with other Fronius inverters.<\/p>\n<p>&nbsp;<\/p>\n<p>Additional features of the device can be found by going to <a href=\"https:\/\/www.fronius.com\/en\/search-page?searchedBU=#!\/searchconfig\/%7B%22searchword%22%3A%22Fronius%20Smart%20Meter%22%2C%22dateStart%22%3Anull%2C%22dateEnd%22%3Anull%2C%22countryPath%22%3A%22%2Fsitecore%2Fcontent%2FHome%22%2C%22language%22%3A%22en%22%2C%22token%22%3A%227ixdeqrgjytf8lq4836tka%22%2C%22activeDepartment%22%3Anull%2C%22initialSearch%22%3Atrue%2C%22fronius%22%3A%7B%22facets%22%3A%5B%5D%7D%2C%22perfectwelding%22%3A%7B%22facets%22%3A%5B%5D%7D%2C%22solarenergy%22%3A%7B%22facets%22%3A%5B%7B%22id%22%3A%22category-products%22%2C%22categoryId%22%3A%22categoryFacet%22%7D%5D%7D%2C%22perfectcharging%22%3A%7B%22facets%22%3A%5B%5D%7D%7D\/tabs\/searchresult-solarenergy\">Fronius.com<\/a><\/p>","protected":false},"excerpt":{"rendered":"<p>Vizualizirajte, kontrolirajte i optimizirajte tokove energije: to mo\u017eete u\u010diniti samo ako imate prave podatke. I to je upravo ono \u0161to<br \/>\nFronius Smart Meter \u2013 na\u0161 dvosmjerni i inteligentni mjera\u010d elektri\u010dne energije \u2013 pru\u017ea.<\/p>","protected":false},"featured_media":204,"comment_status":"open","ping_status":"closed","template":"","meta":{"om_disable_all_campaigns":false,"_monsterinsights_skip_tracking":false,"_monsterinsights_sitenote_active":false,"_monsterinsights_sitenote_note":"","_monsterinsights_sitenote_category":0,"_themeisle_gutenberg_block_has_review":false},"product_cat":[23],"product_tag":[24],"aioseo_notices":[],"jetpack_sharing_enabled":true,"_links":{"self":[{"href":"https:\/\/bestenergymo.com\/en\/wp-json\/wp\/v2\/product\/203"}],"collection":[{"href":"https:\/\/bestenergymo.com\/en\/wp-json\/wp\/v2\/product"}],"about":[{"href":"https:\/\/bestenergymo.com\/en\/wp-json\/wp\/v2\/types\/product"}],"replies":[{"embeddable":true,"href":"https:\/\/bestenergymo.com\/en\/wp-json\/wp\/v2\/comments?post=203"}],"wp:featuredmedia":[{"embeddable":true,"href":"https:\/\/bestenergymo.com\/en\/wp-json\/wp\/v2\/media\/204"}],"wp:attachment":[{"href":"https:\/\/bestenergymo.com\/en\/wp-json\/wp\/v2\/media?parent=203"}],"wp:term":[{"taxonomy":"product_cat","embeddable":true,"href":"https:\/\/bestenergymo.com\/en\/wp-json\/wp\/v2\/product_cat?post=203"},{"taxonomy":"product_tag","embeddable":true,"href":"https:\/\/bestenergymo.com\/en\/wp-json\/wp\/v2\/product_tag?post=203"}],"curies":[{"name":"wp","href":"https:\/\/api.w.org\/{rel}","templated":true}]}}